{"id":66,"date":"2019-04-27T11:31:22","date_gmt":"2019-04-27T09:31:22","guid":{"rendered":"http:\/\/www.landhausgarten.at\/joomla1.7\/?page_id=66"},"modified":"2019-05-05T11:31:57","modified_gmt":"2019-05-05T09:31:57","slug":"der-garten","status":"publish","type":"page","link":"https:\/\/www.landhausgarten.at\/joomla1.7\/der-garten\/","title":{"rendered":"Der Garten"},"content":{"rendered":"\n<div class=\"wp-block-image\"><figure class=\"alignright\"><a href=\"https:\/\/www.landhausgarten.at\/joomla1.7\/wp-content\/uploads\/Plan\/GartenPlan.jpg\" rel=\"\" data-rel=\"lightbox-image-0\" data-rl_title=\"\" data-rl_caption=\"\" title=\"\"><img loading=\"lazy\" decoding=\"async\" width=\"283\" height=\"362\" src=\"https:\/\/www.landhausgarten.at\/joomla1.7\/wp-content\/uploads\/Plan\/ungersboeck_garten.png\" alt=\"\" class=\"wp-image-88\" srcset=\"https:\/\/www.landhausgarten.at\/joomla1.7\/wp-content\/uploads\/Plan\/ungersboeck_garten.png 283w, https:\/\/www.landhausgarten.at\/joomla1.7\/wp-content\/uploads\/Plan\/ungersboeck_garten-235x300.png 235w\" sizes=\"auto, (max-width: 283px) 100vw, 283px\" \/><\/a><figcaption> <br>Natur im Garten\/Fritz Dorfner<br><\/figcaption><\/figure><\/div>\n\n\n\n<p>Unser etwa 2.000m\u00b2 gro\u00dfe Schaugarten wurde nicht nach Vorbildern geplant, sondern ist \u00fcber Jahre nach und nach entstanden und ver\u00e4ndert sich laufend. Im Eingangsbereich, beim Wohnhaus dominiert neben zwei Schattenteiche ein alter Nussbaum. Fr\u00fcher wurden im Bereich des Hauptgeb\u00e4udes gro\u00dfe B\u00e4ume gepflanzt, um die aufsteigende Feuchtigkeit von den Mauern fernzuhalten. Zus\u00e4tzlich soll das bittere Laub des Nussbaumes auch Gelsen vertreiben. Eine riesige bl\u00fchende Glyzinie bildet im Mai einen Duftvorhang. Weiter wandert man hinauf in den Geisterwald, vorbei am Froschteich und dann den Zwergenberg hinunter. Hier &#8222;leben&#8220; sehr alte Steingnome und Elfen. Das Entdecken der Baumgeister und Zwerge macht den Kindern viel Spa\u00df. Im Anschluss an die alte Scheune ist der Gem\u00fcsegarten der uns \u00fcber die ganze Saison versorgt. Neben dem Spargel sind hier \u00fcblicherweise viele verschiedene Tomatensorten zu finden. Nahtlos ist der \u00dcbergang in den Zier- und Rosengarten, in dem sich, begleitet von Lavendel, Katzenminze, Geranium und Clematis, viele alte Rosensorten finden. Auch eine sehr umfangreiche P\u00e4oniensammlung bereichert unseren Landhausgarten. Von der Aussichtsterrasse hat man einen tollen Fernblick. Weiters sieht man die Rosenbl\u00fcte des m\u00e4chtigen Rosenpavillons von hier oben besonders gut. Optischer H\u00f6hepunkt ist der ca. 150 m2 gro\u00dfe Teich mit Seerosen und einer ausgedehnter 17 Meter langen Schwimmzone. Neu ist der Asiatische Garten mit Baumfarne, hohen und niedrigen Bambusarten und einem Schattenteich. Bei der Scheune angekommen l\u00e4sst man es sich im Gartencafe bei Kaffee und Kuchen gut gehen und plaudert mit Garteninteressierten.<\/p>\n","protected":false},"excerpt":{"rendered":"<p>Unser etwa 2.000m\u00b2 gro\u00dfe Schaugarten wurde nicht nach Vorbildern geplant, sondern ist \u00fcber Jahre nach und nach entstanden und ver\u00e4ndert sich laufend. Im Eingangsbereich, beim Wohnhaus dominiert neben zwei Schattenteiche ein alter Nussbaum. Fr\u00fcher wurden im Bereich des Hauptgeb\u00e4udes gro\u00dfe B\u00e4ume gepflanzt, um die aufsteigende Feuchtigkeit von den Mauern fernzuhalten. Zus\u00e4tzlich soll das bittere Laub<span class=\"post-excerpt-end\">&hellip;<\/span><\/p>\n<p class=\"more-link\"><a href=\"https:\/\/www.landhausgarten.at\/joomla1.7\/der-garten\/\" class=\"themebutton\">Read More<\/a><\/p>\n","protected":false},"author":1,"featured_media":0,"parent":0,"menu_order":0,"comment_status":"closed","ping_status":"closed","template":"","meta":{"footnotes":""},"class_list":["post-66","page","type-page","status-publish","hentry"],"_links":{"self":[{"href":"https:\/\/www.landhausgarten.at\/joomla1.7\/wp-json\/wp\/v2\/pages\/66","targetHints":{"allow":["GET"]}}],"collection":[{"href":"https:\/\/www.landhausgarten.at\/joomla1.7\/wp-json\/wp\/v2\/pages"}],"about":[{"href":"https:\/\/www.landhausgarten.at\/joomla1.7\/wp-json\/wp\/v2\/types\/page"}],"author":[{"embeddable":true,"href":"https:\/\/www.landhausgarten.at\/joomla1.7\/wp-json\/wp\/v2\/users\/1"}],"replies":[{"embeddable":true,"href":"https:\/\/www.landhausgarten.at\/joomla1.7\/wp-json\/wp\/v2\/comments?post=66"}],"version-history":[{"count":13,"href":"https:\/\/www.landhausgarten.at\/joomla1.7\/wp-json\/wp\/v2\/pages\/66\/revisions"}],"predecessor-version":[{"id":876,"href":"https:\/\/www.landhausgarten.at\/joomla1.7\/wp-json\/wp\/v2\/pages\/66\/revisions\/876"}],"wp:attachment":[{"href":"https:\/\/www.landhausgarten.at\/joomla1.7\/wp-json\/wp\/v2\/media?parent=66"}],"curies":[{"name":"wp","href":"https:\/\/api.w.org\/{rel}","templated":true}]}}