{"id":104,"date":"2019-05-04T11:03:04","date_gmt":"2019-05-04T09:03:04","guid":{"rendered":"http:\/\/www.landhausgarten.at\/joomla1.7\/?page_id=104"},"modified":"2024-10-06T08:19:07","modified_gmt":"2024-10-06T06:19:07","slug":"anreise","status":"publish","type":"page","link":"https:\/\/www.landhausgarten.at\/joomla1.7\/anreise\/","title":{"rendered":"Kontakt &#038; Anreise"},"content":{"rendered":"\n<h4 class=\"wp-block-heading\">Unsere Adresse<\/h4>\n\n\n\n<p>Martina und Haimo Ungersb\u00f6ck<br>Ebendorfer Hauptstra\u00dfe 25<br>2130 Ebendorf\/Mistelbach<br>Nieder\u00f6sterreich &#8211; Weinviertel<br><br><strong> Tel.:  oder 0670\/3567356 oder 0677\/63104160<\/strong>    <strong>  E-Mail: haimo.ungersboeck@aon.at<\/strong><\/p>\n\n\n\n<p><\/p>\n\n\n\n<h4 class=\"wp-block-heading\">Anreise mit dem Auto<\/h4>\n\n\n\n<p>Unser schattiger Schaugarten liegt<strong> bei Mistelbach im Weinviertel in Nieder\u00f6sterreich <\/strong>und ist <strong>von Wien <\/strong>aus bequem mit dem Auto<strong> \u00fcber die A5 in knapp einer halben Stunde erreichbar.<\/strong><\/p>\n\n\n\n<h4 class=\"wp-block-heading\">Anreise mit der Bahn<\/h4>\n\n\n\n<p>Au\u00dferdem kann man \u00f6ffentlich mit der<strong> Schnellbahn von Wien nach Mistelbach<\/strong> fahren und nach einem  sehr sch\u00f6nen <strong>ca. 30 min\u00fctigen Spaziergang<\/strong> (entlang der Zaya &#8211; beim Ebendorfer Schloss vorbei) den Schaugarten Ungersb\u00f6ck erreichen. Auch eine eventuelle Abholung vom Schnellbahnhof w\u00e4re nach telefonischer Absprache m\u00f6glich.<\/p>\n\n\n\n<p>Unser Garten im Englischen Landhausstil ist auch f\u00fcr <strong>Fotoprojekte, Hochzeiten, Workshops<\/strong> und als <strong>Eventlocation<\/strong> zu mieten. <br><strong>Das Fotografieren ist f\u00fcr privaten Gebrauch<\/strong> m\u00f6glich und erlaubt. <strong>Alle Rechte<\/strong> aber <strong>liegen bei den Besitzern.<\/strong> <br><br>Das Fahren mit  <strong>Kinderwagen oder  Rollstuhl<\/strong> ist auf den Hauptwegen gut m\u00f6glich. <strong>Hunde an der Leine <\/strong>d\u00fcrfen in unserem Garten mitgenommen werden. Auch f\u00fcr Kinder und Jugendliche ist der Garten sehr interessant (besonders f\u00fcr <strong>Schulklassen)<\/strong>. Diese junge Generation ist stets sehr willkommen, denn sie belebt unseren Schaugarten. <br>Auch<strong> Raucher<\/strong> f\u00fchlen sich bei uns wohl und sind <strong>herzlich willkommen!<\/strong><br><\/p>\n\n\n\n<figure><iframe loading=\"lazy\" src=\"https:\/\/www.google.com\/maps\/embed?pb=!1m18!1m12!1m3!1d1320.2809189467014!2d16.5906481887795!3d48.560787089651605!2m3!1f0!2f0!3f0!3m2!1i1024!2i768!4f13.1!3m3!1m2!1s0x476d2382494f2013%3A0xaa4ac8bd69d5782d!2sLandhausgarten.at!5e0!3m2!1sde!2sat!4v1556390355973!5m2!1sde!2sat\" allowfullscreen=\"\" width=\"600\" height=\"450\"><\/iframe><\/figure>\n","protected":false},"excerpt":{"rendered":"<p>Unsere Adresse Martina und Haimo Ungersb\u00f6ckEbendorfer Hauptstra\u00dfe 252130 Ebendorf\/MistelbachNieder\u00f6sterreich &#8211; Weinviertel Tel.: oder 0670\/3567356 oder 0677\/63104160 E-Mail: haimo.ungersboeck@aon.at Anreise mit dem Auto Unser schattiger Schaugarten liegt bei Mistelbach im Weinviertel in Nieder\u00f6sterreich und ist von Wien aus bequem mit dem Auto \u00fcber die A5 in knapp einer halben Stunde erreichbar. Anreise mit der Bahn Au\u00dferdem<span class=\"post-excerpt-end\">&hellip;<\/span><\/p>\n<p class=\"more-link\"><a href=\"https:\/\/www.landhausgarten.at\/joomla1.7\/anreise\/\" class=\"themebutton\">Read More<\/a><\/p>\n","protected":false},"author":1,"featured_media":0,"parent":0,"menu_order":0,"comment_status":"closed","ping_status":"closed","template":"","meta":{"footnotes":""},"class_list":["post-104","page","type-page","status-publish","hentry"],"_links":{"self":[{"href":"https:\/\/www.landhausgarten.at\/joomla1.7\/wp-json\/wp\/v2\/pages\/104","targetHints":{"allow":["GET"]}}],"collection":[{"href":"https:\/\/www.landhausgarten.at\/joomla1.7\/wp-json\/wp\/v2\/pages"}],"about":[{"href":"https:\/\/www.landhausgarten.at\/joomla1.7\/wp-json\/wp\/v2\/types\/page"}],"author":[{"embeddable":true,"href":"https:\/\/www.landhausgarten.at\/joomla1.7\/wp-json\/wp\/v2\/users\/1"}],"replies":[{"embeddable":true,"href":"https:\/\/www.landhausgarten.at\/joomla1.7\/wp-json\/wp\/v2\/comments?post=104"}],"version-history":[{"count":10,"href":"https:\/\/www.landhausgarten.at\/joomla1.7\/wp-json\/wp\/v2\/pages\/104\/revisions"}],"predecessor-version":[{"id":1274,"href":"https:\/\/www.landhausgarten.at\/joomla1.7\/wp-json\/wp\/v2\/pages\/104\/revisions\/1274"}],"wp:attachment":[{"href":"https:\/\/www.landhausgarten.at\/joomla1.7\/wp-json\/wp\/v2\/media?parent=104"}],"curies":[{"name":"wp","href":"https:\/\/api.w.org\/{rel}","templated":true}]}}